{"id":215,"date":"2020-08-17T14:42:04","date_gmt":"2020-08-17T14:42:04","guid":{"rendered":"https:\/\/demo.creativethemes.com\/blocksy\/business\/?page_id=215"},"modified":"2021-01-24T23:41:40","modified_gmt":"2021-01-24T22:41:40","slug":"about","status":"publish","type":"page","link":"https:\/\/www.deutsche-kita.de\/?page_id=215","title":{"rendered":"About"},"content":{"rendered":"\n<div class=\"wp-block-qubely-row alignfull qubely-section qubely-block-05e3d2\"><div class=\"qubely-row-overlay\"><\/div><div class=\"qubely-container\"><div class=\"qubely-row \">\n<div class=\"wp-block-qubely-column qubely-column qubely-column-front qubely-block-5ed072\"><div class=\"qubely-column-inner\">\n<div class=\"wp-block-qubely-text qubely-block-db9cd6\"><div class=\"qubely-block-text  \"><p>About us<\/p><\/div><\/div>\n\n\n\n<div class=\"wp-block-qubely-heading qubely-block-2066b8\"><div class=\"qubely-block-heading  \"><div class=\"qubely-heading-container\"><h2 class=\"qubely-heading-selector\">Gehen Sie mit uns gemeinsam<\/h2><\/div><h4 class=\"qubely-sub-heading-selector\">Kinderg\u00e4rten haben die wichtige Aufgabe, den Kindern den Rahmen und eine Lernumgebung zu bieten, die ihre nat\u00fcrliche Neugier entfalten l\u00e4sst. Kinder brauchen Vertrauen, Mut und viel Zeit zu probieren, zu irren, wieder neu zu starten und ihren Weg zu finden. P\u00e4dagogen stehen dazu in einem st\u00e4ndigen Dialog mit den Kindern. Mit Wertsch\u00e4tzung, Zutrauen und Liebe bilden und erziehen sie so selbstbewusste Menschen.<\/h4><\/div><\/div>\n<\/div><\/div>\n\n\n\n<div class=\"wp-block-qubely-column qubely-column qubely-column-front qubely-block-56279c\"><div class=\"qubely-column-inner\"><\/div><\/div>\n<\/div><\/div><\/div>\n\n\n\n<div class=\"wp-block-group\"><div class=\"wp-block-group__inner-container is-layout-flow wp-block-group-is-layout-flow\">\n<div class=\"wp-block-qubely-row qubely-section qubely-block-4e1655\"><div class=\"qubely-row-overlay\"><\/div><div class=\"qubely-container-fluid\"><div class=\"qubely-row \">\n<div class=\"wp-block-qubely-column qubely-column qubely-column-front qubely-block-d8ec6a\"><div class=\"qubely-column-inner\">\n<div class=\"wp-block-qubely-heading qubely-block-a8370d\"><div class=\"qubely-block-heading  qubely-has-separator qubely-separator-position-bottom\"><div class=\"qubely-heading-container\"><h2 class=\"qubely-heading-selector\">Qualit\u00e4t der deutschen Kindergartenarbeit.<\/h2><div class=\"qubely-separator qubely-separator-after\"><span class=\"qubely-separator-type-css qubely-separator-solid\"><\/span><\/div><\/div><\/div><\/div>\n\n\n\n<div class=\"wp-block-qubely-row qubely-section qubely-block-57af14\"><div class=\"qubely-row-overlay\"><\/div><div class=\"qubely-container-fluid\"><div class=\"qubely-row \">\n<div class=\"wp-block-qubely-column qubely-column qubely-column-front qubely-block-6d0e34\"><div class=\"qubely-column-inner\">\n<div class=\"wp-block-qubely-text qubely-block-0e3374\"><div class=\"qubely-block-text  \"><div class=\"qubely-block-text-title-container  qubely-separator-position-top\"><div class=\"qubely-block-text-title-inner\"><h2 class=\"qubely-block-text-title\">Herausforderungen<\/h2><\/div><\/div><p>Sie wollen Kinder bestm\u00f6glich auf zuk\u00fcnftige Herausforderungen vorbereiten.<\/p><\/div><\/div>\n\n\n\n<div class=\"wp-block-qubely-text qubely-block-4a3bf6\"><div class=\"qubely-block-text  \"><div class=\"qubely-block-text-title-container  qubely-separator-position-top\"><div class=\"qubely-block-text-title-inner\"><h2 class=\"qubely-block-text-title\">Leistungen<\/h2><\/div><\/div><p>Sie streben an, Ihre Mitarbeiter*innen weiter zu qualifizieren um bessere Leistungen erm\u00f6glichen.<\/p><\/div><\/div>\n<\/div><\/div>\n\n\n\n<div class=\"wp-block-qubely-column qubely-column qubely-column-front qubely-block-4fc36e\"><div class=\"qubely-column-inner\">\n<div class=\"wp-block-qubely-text qubely-block-79f195\"><div class=\"qubely-block-text  \"><div class=\"qubely-block-text-title-container  qubely-separator-position-top\"><div class=\"qubely-block-text-title-inner\"><h2 class=\"qubely-block-text-title\">Kunden<\/h2><\/div><\/div><p>Sie m\u00f6chten zufriedene Eltern als Kunden ihres Kindergartens.<\/p><\/div><\/div>\n\n\n\n<div class=\"wp-block-qubely-text qubely-block-971c10\"><div class=\"qubely-block-text  \"><div class=\"qubely-block-text-title-container  qubely-separator-position-top\"><div class=\"qubely-block-text-title-inner\"><h2 class=\"qubely-block-text-title\">Unternehmen<\/h2><\/div><\/div><p>Sie wissen, dass man ein Unternehmen immer besser machen kann.<\/p><\/div><\/div>\n<\/div><\/div>\n<\/div><\/div><\/div>\n<\/div><\/div>\n<\/div><\/div><\/div>\n<\/div><\/div>\n\n\n\n<div class=\"wp-block-qubely-row alignfull qubely-section qubely-block-1b03c7\"><div class=\"qubely-row-overlay\"><\/div><div class=\"qubely-container\"><div class=\"qubely-row \">\n<div class=\"wp-block-qubely-column qubely-column qubely-column-front qubely-block-7a7cb2\"><div class=\"qubely-column-inner\">\n<div class=\"wp-block-qubely-image qubely-block-9aeae9\"><div class=\"qubely-block-image  qubely-image-layout-blurb\"><div class=\"qubely-image-media qubely-hover-animation-on qubely-hover-animation-type-zoom-out qubely-vertical-alignment-center qubely-horizontal-alignment-left\"><figure><a class=\"qubely-image-container\" href=\"#\"><img decoding=\"async\" class=\"qubely-image-image\" src=\"https:\/\/www.deutsche-kita.de\/wp-content\/uploads\/2020\/08\/daniel-korpai-mxPiMiz7KCo-unsplash.jpg\" alt=\"\"\/><div class=\"qubely-image-content\"><div class=\"qubely-image-content-inner\"><h3 class=\"qubely-image-title qubely-visible-on-hover\">Beginner<\/h3><div class=\"qubely-image-sub-title qubely-visible-on-hover\">1. Stufe<\/div><\/div><\/div><\/a><\/figure><\/div><\/div><\/div>\n<\/div><\/div>\n\n\n\n<div class=\"wp-block-qubely-column qubely-column qubely-column-front qubely-block-968709\"><div class=\"qubely-column-inner\">\n<div class=\"wp-block-qubely-image qubely-block-48e48b\"><div class=\"qubely-block-image  qubely-image-layout-blurb\"><div class=\"qubely-image-media qubely-hover-animation-on qubely-hover-animation-type-zoom-out qubely-vertical-alignment-center qubely-horizontal-alignment-left\"><figure><a class=\"qubely-image-container\" href=\"#\"><img decoding=\"async\" class=\"qubely-image-image\" src=\"https:\/\/www.deutsche-kita.de\/wp-content\/uploads\/2020\/08\/eftakher-alam-i1VQZsU86ok-unsplash.jpg\" alt=\"\"\/><div class=\"qubely-image-content\"><div class=\"qubely-image-content-inner\"><h3 class=\"qubely-image-title qubely-visible-on-hover\">Fortgeschrittene<\/h3><div class=\"qubely-image-sub-title qubely-visible-on-hover\">2. Stufe<\/div><\/div><\/div><\/a><\/figure><\/div><\/div><\/div>\n<\/div><\/div>\n\n\n\n<div class=\"wp-block-qubely-column qubely-column qubely-column-front qubely-block-5c39e4\"><div class=\"qubely-column-inner\">\n<div class=\"wp-block-qubely-image qubely-block-fa5e49\"><div class=\"qubely-block-image  qubely-image-layout-blurb\"><div class=\"qubely-image-media qubely-hover-animation-on qubely-hover-animation-type-zoom-out qubely-vertical-alignment-center qubely-horizontal-alignment-left\"><figure><a class=\"qubely-image-container\" href=\"#\"><img decoding=\"async\" class=\"qubely-image-image\" src=\"https:\/\/www.deutsche-kita.de\/wp-content\/uploads\/2020\/08\/s-o-c-i-a-l-c-u-t-OjnmCKmzr3A-unsplash2.jpg\" alt=\"\"\/><div class=\"qubely-image-content\"><div class=\"qubely-image-content-inner\"><h3 class=\"qubely-image-title qubely-visible-on-hover\">Experten<\/h3><div class=\"qubely-image-sub-title qubely-visible-on-hover\">3. Stufe<\/div><\/div><\/div><\/a><\/figure><\/div><\/div><\/div>\n<\/div><\/div>\n<\/div><\/div><\/div>\n\n\n\n<div class=\"wp-block-columns is-layout-flex wp-container-core-columns-is-layout-9d6595d7 wp-block-columns-is-layout-flex\">\n<div class=\"wp-block-column is-layout-flow wp-block-column-is-layout-flow\" style=\"flex-basis:100%\">\n<div class=\"wp-block-qubely-row qubely-section qubely-block-5a7903\"><div class=\"qubely-row-overlay\"><\/div><div class=\"qubely-container-fluid\"><div class=\"qubely-row \">\n<div class=\"wp-block-qubely-column qubely-column qubely-column-front qubely-block-45ab6d\"><div class=\"qubely-column-inner\">\n<div class=\"wp-block-qubely-heading qubely-block-49d6c0\"><div class=\"qubely-block-heading  \"><div class=\"qubely-heading-container\"><h2 class=\"qubely-heading-selector\">Der gro\u00dfe Weg ist sehr einfach, aber Menschen lieben Umwege<\/h2><\/div><h4 class=\"qubely-sub-heading-selector\">\u201eDer gro\u00dfe Weg ist sehr einfach, aber Menschen lieben Umwege\u201c meinte der ber\u00fchmte Philosoph Lao-Tse und Maria Montessori, die weltbekannte italienische P\u00e4dagogin, schrieb aus der Sicht eines Kindes: \u201eHab Geduld meine Wege zu begreifen. Sie sind vielleicht l\u00e4nger, vielleicht brauche ich mehr Zeit, weil ich mehrere Versuche machen will.\u201c Diese beiden S\u00e4tze beeindrucken, weil sie beschreiben, dass Kinder und deren Bildung und Erziehung nicht linear zu verstehen sind. Kinder entdecken die Welt jeweils f\u00fcr sich neu und interpretieren diese ganz individuell und in ihrem eigenen Rhythmus. So werden sie zu selbstst\u00e4ndigen, kreativen Pers\u00f6nlichkeiten \u2013 wenn wir sie nur lassen.<\/h4><\/div><\/div>\n\n\n\n<div class=\"wp-block-qubely-button qubely-block-93ed51\"><div class=\"qubely-block-btn-wrapper \"><div class=\"qubely-block-btn\"><a class=\"qubely-block-btn-anchor is-custom\" href=\"#\">Learn More<\/a><\/div><\/div><\/div>\n<\/div><\/div>\n<\/div><\/div><\/div>\n<\/div>\n<\/div>\n\n\n\n<div class=\"wp-block-qubely-row qubely-section qubely-block-6ec046\"><div class=\"qubely-row-overlay\"><\/div><div class=\"qubely-container\"><div class=\"qubely-row \">\n<div class=\"wp-block-qubely-column qubely-column qubely-column-front qubely-block-cb3352\"><div class=\"qubely-column-inner\"><\/div><\/div>\n\n\n\n<div class=\"wp-block-qubely-column qubely-column qubely-column-front qubely-block-18f467\"><div class=\"qubely-column-inner\">\n<div class=\"wp-block-qubely-heading qubely-block-ce07fb\"><div class=\"qubely-block-heading  \"><div class=\"qubely-heading-container\"><h2 class=\"qubely-heading-selector\">Our Team<\/h2><\/div><h3 class=\"qubely-sub-heading-selector\">Lorem ipsum dolor sit amet, consectetur adipiscing elit, sed do eiusmod tempor incididunt ut labore et dolore magna aliqua.<\/h3><\/div><\/div>\n<\/div><\/div>\n\n\n\n<div class=\"wp-block-qubely-column qubely-column qubely-column-front qubely-block-519660\"><div class=\"qubely-column-inner\"><\/div><\/div>\n<\/div><\/div><\/div>\n\n\n\n<div class=\"wp-block-qubely-row qubely-section qubely-block-7bc4d4\"><div class=\"qubely-row-overlay\"><\/div><div class=\"qubely-container\"><div class=\"qubely-row \">\n<div class=\"wp-block-qubely-column qubely-column qubely-column-front qubely-block-4ff43b\"><div class=\"qubely-column-inner\">\n<div class=\"wp-block-qubely-image qubely-block-950d1e\"><div class=\"qubely-block-image  qubely-image-layout-blurb\"><div class=\"qubely-image-media qubely-hover-animation-on qubely-hover-animation-type-zoom-in qubely-vertical-alignment-center qubely-horizontal-alignment-center\"><figure><a class=\"qubely-image-container\" href=\"#\"><img decoding=\"async\" class=\"qubely-image-image\" src=\"https:\/\/www.deutsche-kita.de\/wp-content\/uploads\/2020\/08\/ali-morshedlou-WMD64tMfc4k-unsplash.jpg\" alt=\"\"\/><div class=\"qubely-image-content\"><div class=\"qubely-image-content-inner\"><h3 class=\"qubely-image-title qubely-visible-on-hover\">Adrian Einecke<\/h3><div class=\"qubely-image-sub-title qubely-visible-on-hover\">CEO<\/div><\/div><\/div><\/a><\/figure><\/div><\/div><\/div>\n<\/div><\/div>\n\n\n\n<div class=\"wp-block-qubely-column qubely-column qubely-column-front qubely-block-fd32ca\"><div class=\"qubely-column-inner\">\n<div class=\"wp-block-qubely-image qubely-block-8ce1d5\"><div class=\"qubely-block-image  qubely-image-layout-blurb\"><div class=\"qubely-image-media qubely-hover-animation-on qubely-hover-animation-type-zoom-in qubely-vertical-alignment-center qubely-horizontal-alignment-center\"><figure><a class=\"qubely-image-container\" href=\"#\"><img decoding=\"async\" class=\"qubely-image-image\" src=\"https:\/\/www.deutsche-kita.de\/wp-content\/uploads\/2020\/08\/christina-wocintechchat-com-0Zx1bDv5BNY-unsplash.jpg\" alt=\"\"\/><div class=\"qubely-image-content\"><div class=\"qubely-image-content-inner\"><h3 class=\"qubely-image-title qubely-visible-on-hover\">Alicia Keys<\/h3><div class=\"qubely-image-sub-title qubely-visible-on-hover\">Marketing Director<\/div><\/div><\/div><\/a><\/figure><\/div><\/div><\/div>\n<\/div><\/div>\n\n\n\n<div class=\"wp-block-qubely-column qubely-column qubely-column-front qubely-block-07c2b4\"><div class=\"qubely-column-inner\">\n<div class=\"wp-block-qubely-image qubely-block-7c44dc\"><div class=\"qubely-block-image  qubely-image-layout-blurb\"><div class=\"qubely-image-media qubely-hover-animation-on qubely-hover-animation-type-zoom-in qubely-vertical-alignment-center qubely-horizontal-alignment-center\"><figure><a class=\"qubely-image-container\" href=\"#\"><img decoding=\"async\" class=\"qubely-image-image\" src=\"https:\/\/www.deutsche-kita.de\/wp-content\/uploads\/2020\/08\/bantersnaps-pzOUnvx9c1E-unsplash.jpg\" alt=\"\"\/><div class=\"qubely-image-content\"><div class=\"qubely-image-content-inner\"><h3 class=\"qubely-image-title qubely-visible-on-hover\">Mike Divor<\/h3><div class=\"qubely-image-sub-title qubely-visible-on-hover\">Finance<\/div><\/div><\/div><\/a><\/figure><\/div><\/div><\/div>\n<\/div><\/div>\n\n\n\n<div class=\"wp-block-qubely-column qubely-column qubely-column-front qubely-block-cfc864\"><div class=\"qubely-column-inner\">\n<div class=\"wp-block-qubely-image qubely-block-483c82\"><div class=\"qubely-block-image  qubely-image-layout-blurb\"><div class=\"qubely-image-media qubely-hover-animation-on qubely-hover-animation-type-zoom-in qubely-vertical-alignment-center qubely-horizontal-alignment-center\"><figure><a class=\"qubely-image-container\" href=\"#\"><img decoding=\"async\" class=\"qubely-image-image\" src=\"https:\/\/www.deutsche-kita.de\/wp-content\/uploads\/2020\/08\/disruptivo-pdejnCbAyxU-unsplash.jpg\" alt=\"\"\/><div class=\"qubely-image-content\"><div class=\"qubely-image-content-inner\"><h3 class=\"qubely-image-title qubely-visible-on-hover\">Patricia Ralph<\/h3><div class=\"qubely-image-sub-title qubely-visible-on-hover\">Designer<\/div><\/div><\/div><\/a><\/figure><\/div><\/div><\/div>\n<\/div><\/div>\n<\/div><\/div><\/div>\n\n\n\n<div class=\"wp-block-qubely-row qubely-section qubely-block-710ace\"><div class=\"qubely-row-overlay\"><\/div><div class=\"qubely-container\"><div class=\"qubely-row \">\n<div class=\"wp-block-qubely-column qubely-column qubely-column-front qubely-block-516496\"><div class=\"qubely-column-inner\">\n<div class=\"wp-block-qubely-image qubely-block-13d197\"><div class=\"qubely-block-image  qubely-image-layout-blurb\"><div class=\"qubely-image-media qubely-hover-animation-on qubely-hover-animation-type-zoom-in qubely-vertical-alignment-center qubely-horizontal-alignment-center\"><figure><a class=\"qubely-image-container\" href=\"#\"><img decoding=\"async\" class=\"qubely-image-image\" src=\"https:\/\/www.deutsche-kita.de\/wp-content\/uploads\/2020\/08\/zahir-namane-hwc7eIQiTCE-unsplash.jpg\" alt=\"\"\/><div class=\"qubely-image-content\"><div class=\"qubely-image-content-inner\"><h3 class=\"qubely-image-title qubely-visible-on-hover\">Nick Zale<\/h3><div class=\"qubely-image-sub-title qubely-visible-on-hover\">Developer<\/div><\/div><\/div><\/a><\/figure><\/div><\/div><\/div>\n<\/div><\/div>\n\n\n\n<div class=\"wp-block-qubely-column qubely-column qubely-column-front qubely-block-c6c4b2\"><div class=\"qubely-column-inner\">\n<div class=\"wp-block-qubely-image qubely-block-60970f\"><div class=\"qubely-block-image  qubely-image-layout-blurb\"><div class=\"qubely-image-media qubely-hover-animation-on qubely-hover-animation-type-zoom-in qubely-vertical-alignment-center qubely-horizontal-alignment-center\"><figure><a class=\"qubely-image-container\" href=\"#\"><img decoding=\"async\" class=\"qubely-image-image\" src=\"https:\/\/www.deutsche-kita.de\/wp-content\/uploads\/2020\/08\/christina-wocintechchat-com-S3GrMiUhpNU-unsplash.jpg\" alt=\"\"\/><div class=\"qubely-image-content\"><div class=\"qubely-image-content-inner\"><h3 class=\"qubely-image-title qubely-visible-on-hover\">Amanda Gray<\/h3><div class=\"qubely-image-sub-title qubely-visible-on-hover\">PR Manager<\/div><\/div><\/div><\/a><\/figure><\/div><\/div><\/div>\n<\/div><\/div>\n\n\n\n<div class=\"wp-block-qubely-column qubely-column qubely-column-front qubely-block-47d6a6\"><div class=\"qubely-column-inner\">\n<div class=\"wp-block-qubely-image qubely-block-d750f5\"><div class=\"qubely-block-image  qubely-image-layout-blurb\"><div class=\"qubely-image-media qubely-hover-animation-on qubely-hover-animation-type-zoom-in qubely-vertical-alignment-center qubely-horizontal-alignment-center\"><figure><a class=\"qubely-image-container\" href=\"#\"><img decoding=\"async\" class=\"qubely-image-image\" src=\"https:\/\/www.deutsche-kita.de\/wp-content\/uploads\/2020\/08\/austin-distel-7uoMmzPd2JA-unsplash.jpg\" alt=\"\"\/><div class=\"qubely-image-content\"><div class=\"qubely-image-content-inner\"><h3 class=\"qubely-image-title qubely-visible-on-hover\">Greg Silmer<\/h3><div class=\"qubely-image-sub-title qubely-visible-on-hover\">Support<\/div><\/div><\/div><\/a><\/figure><\/div><\/div><\/div>\n<\/div><\/div>\n\n\n\n<div class=\"wp-block-qubely-column qubely-column qubely-column-front qubely-block-884fc6\"><div class=\"qubely-column-inner\">\n<div class=\"wp-block-qubely-image qubely-block-afeaa4\"><div class=\"qubely-block-image  qubely-image-layout-blurb\"><div class=\"qubely-image-media qubely-hover-animation-on qubely-hover-animation-type-zoom-in qubely-vertical-alignment-center qubely-horizontal-alignment-center\"><figure><a class=\"qubely-image-container\" href=\"#\"><img decoding=\"async\" class=\"qubely-image-image\" src=\"https:\/\/www.deutsche-kita.de\/wp-content\/uploads\/2020\/08\/laura-chouette-nkWnc-W_GP8-unsplash.jpg\" alt=\"\"\/><div class=\"qubely-image-content\"><div class=\"qubely-image-content-inner\"><h3 class=\"qubely-image-title qubely-visible-on-hover\">Rossa Pelmar<\/h3><div class=\"qubely-image-sub-title qubely-visible-on-hover\">Support<\/div><\/div><\/div><\/a><\/figure><\/div><\/div><\/div>\n<\/div><\/div>\n<\/div><\/div><\/div>\n\n\n\n<div class=\"wp-block-qubely-wrapper qubely-block-fb7bf5\"><div class=\"qubely-block-wrapper-block \">\n<div class=\"wp-block-qubely-heading qubely-block-0cc8d0\"><div class=\"qubely-block-heading  \"><div class=\"qubely-heading-container\"><h2 class=\"qubely-heading-selector\">Let&#8217;s Build Something Together<\/h2><\/div><h3 class=\"qubely-sub-heading-selector\">Lorem ipsum dolor sit amet, consectetur adipiscing elit, sed do eiusmod tempor incididunt ut labore et dolore magna aliqua.<\/h3><\/div><\/div>\n\n\n\n<div class=\"wp-block-qubely-button qubely-block-f054ca\"><div class=\"qubely-block-btn-wrapper \"><div class=\"qubely-block-btn\"><a class=\"qubely-block-btn-anchor is-custom\" href=\"#\">Reach out now<\/a><\/div><\/div><\/div>\n<\/div><\/div>\n\n\n\n<div class=\"wp-block-qubely-row alignfull qubely-section qubely-block-711273\"><div class=\"qubely-row-overlay\"><\/div><div class=\"qubely-container\"><div class=\"qubely-row \">\n<div class=\"wp-block-qubely-column qubely-column qubely-column-front qubely-block-b7559b\"><div class=\"qubely-column-inner\"><\/div><\/div>\n<\/div><\/div><\/div>\n","protected":false},"excerpt":{"rendered":"","protected":false},"author":1,"featured_media":0,"parent":0,"menu_order":0,"comment_status":"closed","ping_status":"closed","template":"","meta":{"qubely_global_settings":"","qubely_interactions":"","footnotes":""},"class_list":["post-215","page","type-page","status-publish","hentry"],"blocksy_meta":{"page_title_panel":"","has_hero_section":"disabled","0df2dca53447789c9966a9ee2482ae8e":"","hero_section":"type-1","hero_elements":[{"id":"custom_title","enabled":true,"heading_tag":"h1","title":"Home"},{"id":"custom_description","enabled":true,"description_visibility":{"desktop":true,"tablet":true,"mobile":false}},{"id":"custom_meta","enabled":false,"meta_elements":[{"id":"author","enabled":true,"label":"By","has_author_avatar":"yes","avatar_size":25},{"id":"post_date","enabled":true,"label":"On","date_format_source":"default","date_format":"M j, Y"},{"id":"comments","enabled":true}],"page_meta_elements":{"joined":true,"articles_count":true,"comments":true}},{"id":"breadcrumbs","enabled":false}],"9a068402903147dab0312ed721d813d1":"","hero_alignment1":"left","hero_alignment2":"center","hero_vertical_alignment":"center","878df3921d36f5f7834a2f50f2d62119":"","hero_structure":"narrow","c672b96ecc952ad64c8c2d7fdf1a61dc":"","page_title_bg_type":"featured_image","custom_hero_background":{"attachment_id":null},"parallax":{"desktop":false,"tablet":false,"mobile":false},"cc7bcd5456d7cac909e888486d83b616":"","hero_height":"250px","pageTitleFont":{"family":"Default","variation":"Default","size":{"desktop":"32px","tablet":"30px","mobile":"25px"},"line-height":"CT_CSS_SKIP_RULE","letter-spacing":"CT_CSS_SKIP_RULE","text-transform":"CT_CSS_SKIP_RULE","text-decoration":"CT_CSS_SKIP_RULE"},"pageTitleFontColor":{"default":{"color":"CT_CSS_SKIP_RULEDEFAULT"}},"pageMetaFont":{"family":"Default","variation":"n6","size":"12px","line-height":"1.3","letter-spacing":"CT_CSS_SKIP_RULE","text-transform":"uppercase","text-decoration":"CT_CSS_SKIP_RULE"},"pageMetaFontColor":{"default":{"color":"CT_CSS_SKIP_RULEDEFAULT"},"hover":{"color":"CT_CSS_SKIP_RULEDEFAULT"}},"pageExcerptFont":{"family":"Default","variation":"Default","size":"CT_CSS_SKIP_RULE","line-height":"CT_CSS_SKIP_RULE","letter-spacing":"CT_CSS_SKIP_RULE","text-transform":"CT_CSS_SKIP_RULE","text-decoration":"CT_CSS_SKIP_RULE"},"pageExcerptColor":{"default":{"color":"CT_CSS_SKIP_RULEDEFAULT"}},"breadcrumbsFont":{"family":"Default","variation":"n6","size":"12px","line-height":"CT_CSS_SKIP_RULE","letter-spacing":"CT_CSS_SKIP_RULE","text-transform":"uppercase","text-decoration":"CT_CSS_SKIP_RULE"},"breadcrumbsFontColor":{"default":{"color":"CT_CSS_SKIP_RULEDEFAULT"},"initial":{"color":"CT_CSS_SKIP_RULEDEFAULT"},"hover":{"color":"CT_CSS_SKIP_RULEDEFAULT"}},"pageTitleOverlay":{"default":{"color":"rgba(41, 51, 60, 0.2)"}},"pageTitleBackground":{"background_type":"color","background_pattern":"type-1","background_image":{"attachment_id":null,"x":0,"y":0},"background_repeat":"no-repeat","background_size":"auto","background_attachment":"scroll","patternColor":{"default":{"color":"#e5e7ea"}},"backgroundColor":{"default":{"color":"#EDEFF2"}}},"5384544efa2613b7222fa667fe0c3bd5":"","page_structure_type":"default","content_style":"inherit","vertical_spacing_source":"custom","content_area_spacing":"none","background":{"background_type":"color","background_pattern":"type-1","background_image":{"attachment_id":null,"x":0,"y":0},"background_repeat":"no-repeat","background_size":"auto","background_attachment":"scroll","patternColor":{"default":{"color":"#e5e7ea"}},"backgroundColor":{"default":{"color":"CT_CSS_SKIP_RULE"}}},"content_background":{"background_type":"color","background_pattern":"type-1","background_image":{"attachment_id":null,"x":0,"y":0},"background_repeat":"no-repeat","background_size":"auto","background_attachment":"scroll","patternColor":{"default":{"color":"#e5e7ea"}},"backgroundColor":{"default":{"color":"#ffffff"}}},"content_boxed_spacing":{"desktop":"40px","tablet":"35px","mobile":"20px"},"content_boxed_radius":{"top":"3px","bottom":"3px","left":"3px","right":"3px","linked":true},"content_boxed_shadow":{"blur":18,"spread":-6,"v_offset":12,"h_offset":0,"inset":false,"enable":true,"color":{"color":"rgba(34, 56, 101, 0.04)"}},"7b360c47770bb2bc7820037d1b7ccdae":"","disable_featured_image":"no","disable_header":"no","disable_footer":"no"},"_links":{"self":[{"href":"https:\/\/www.deutsche-kita.de\/index.php?rest_route=\/wp\/v2\/pages\/215","targetHints":{"allow":["GET"]}}],"collection":[{"href":"https:\/\/www.deutsche-kita.de\/index.php?rest_route=\/wp\/v2\/pages"}],"about":[{"href":"https:\/\/www.deutsche-kita.de\/index.php?rest_route=\/wp\/v2\/types\/page"}],"author":[{"embeddable":true,"href":"https:\/\/www.deutsche-kita.de\/index.php?rest_route=\/wp\/v2\/users\/1"}],"replies":[{"embeddable":true,"href":"https:\/\/www.deutsche-kita.de\/index.php?rest_route=%2Fwp%2Fv2%2Fcomments&post=215"}],"version-history":[{"count":1,"href":"https:\/\/www.deutsche-kita.de\/index.php?rest_route=\/wp\/v2\/pages\/215\/revisions"}],"predecessor-version":[{"id":576,"href":"https:\/\/www.deutsche-kita.de\/index.php?rest_route=\/wp\/v2\/pages\/215\/revisions\/576"}],"wp:attachment":[{"href":"https:\/\/www.deutsche-kita.de\/index.php?rest_route=%2Fwp%2Fv2%2Fmedia&parent=215"}],"curies":[{"name":"wp","href":"https:\/\/api.w.org\/{rel}","templated":true}]}}